{"id":6,"date":"2021-03-10T18:09:24","date_gmt":"2021-03-10T18:09:24","guid":{"rendered":"https:\/\/spd-bistrita.utcluj.ro\/?page_id=6"},"modified":"2021-03-18T19:51:34","modified_gmt":"2021-03-18T19:51:34","slug":"despre","status":"publish","type":"page","link":"https:\/\/spd-bistrita.utcluj.ro\/?page_id=6","title":{"rendered":"Despre"},"content":{"rendered":"\n<p>Programul de studii <strong>SISTEME DE PRODUCTIE DIGITALE<\/strong> din cadrul Universit\u0103\u0163ii Tehnice din Cluj-Napoca &#8211; extensia Bistrita, a fost acreditat provizoriu \u00een anul 2005 si autorizat in 2012. Programul func\u0163ioneaz\u0103 \u00een cadrul Facult\u0103\u0163ii de Construc\u0163ii de Ma\u015fini din cadrul Universit\u0103\u0163ii Tehnice din Cluj-Napoca si este coordonat de catre departamnetu Ingineria Proiecatrii si Robotica.<\/p>\n\n\n\n<p>\u00a0Produc\u021bia digital\u0103 este aplicarea sistemelor informatice la servicii de fabrica\u021bie, lan\u021buri de aprovizionare, produse \u0219i procese. Sistemele de produc\u021bie digitale leag\u0103 sistemele \u0219i procesele din toate domeniile de produc\u021bie pentru a crea o abordare integrat\u0103 a produc\u021biei, de la proiectare la produc\u021bie \u0219i p\u00e2n\u0103 la \u00eentre\u021binerea produselor finale.<\/p>\n\n\n\n<p>Specializarea \u201esisteme de produc\u021bie digitale\u201d poate fi \u00eemp\u0103r\u021bit\u0103 \u00een trei zone principale: ciclul de via\u021b\u0103 al produsului, produc\u021bia inteligent\u0103 \u0219i managementul lan\u021bului valoric. Fiecare dintre acestea se refer\u0103 la un aspect diferit al execu\u021biei produc\u021biei, de la design \u0219i inova\u021bie de produs, \u0219i apoi la \u00eembun\u0103t\u0103\u021birea liniilor de produc\u021bie \u0219i optimizarea resurselor pentru produse mai bune \u0219i satisfac\u021bie sporit\u0103 a clien\u021bilor. Ciclul de via\u021b\u0103 al produsului \u00eencepe cu proiectarea, continu\u0103 cu produc\u021bia efectiv\u0103 \u0219i apoi cu utilizarea. Fiecare pas folose\u0219te date digitale pentru a permite revizuirea specifica\u021biilor de proiectare \u00een timpul procesului de fabrica\u021bie. Fabrica inteligent\u0103 implic\u0103 utilizarea de ma\u0219ini inteligente, senzori \u0219i instrumente pentru a oferi feedback \u00een timp real despre procese \u0219i tehnologia de fabrica\u021bie. Prin unirea tehnologiei opera\u021bionale \u0219i a tehnologiei informa\u021biei, aceast\u0103 transformare digital\u0103 permite o mai mare vizibilitate a proceselor din fabric\u0103, control \u0219i optimizare pentru a \u00eembun\u0103t\u0103\u021bi performan\u021ba. Managementul lan\u021bului valoric se concentreaz\u0103 pe reducerea resurselor pentru a crea un proces optim, cu sc\u0103derea stocurilor, men\u021bin\u00e2nd \u00een acela\u0219i timp calitatea produsului \u0219i satisfac\u021bia clien\u021bilor.<\/p>\n\n\n\n<figure class=\"wp-block-image size-large\"><img loading=\"lazy\" decoding=\"async\" width=\"1024\" height=\"501\" src=\"https:\/\/spd-bistrita.utcluj.ro\/wp-content\/uploads\/2021\/03\/005337-1024x501.png\" alt=\"\" class=\"wp-image-62\" srcset=\"https:\/\/spd-bistrita.utcluj.ro\/wp-content\/uploads\/2021\/03\/005337-1024x501.png 1024w, https:\/\/spd-bistrita.utcluj.ro\/wp-content\/uploads\/2021\/03\/005337-300x147.png 300w, https:\/\/spd-bistrita.utcluj.ro\/wp-content\/uploads\/2021\/03\/005337-768x376.png 768w, https:\/\/spd-bistrita.utcluj.ro\/wp-content\/uploads\/2021\/03\/005337-1536x752.png 1536w, https:\/\/spd-bistrita.utcluj.ro\/wp-content\/uploads\/2021\/03\/005337.png 1915w\" sizes=\"auto, (max-width: 1024px) 100vw, 1024px\" \/><\/figure>\n\n\n\n<p>Prin modelarea \u0219i simularea echipamentelor, sistemelor \u0219i proceselor de produc\u021bie este posibil\u0103 \u00eembun\u0103t\u0103\u021birea calit\u0103\u021bii procesului de luare a deciziilor de produc\u021bie, \u00eembun\u0103t\u0103\u021bind \u00een acela\u0219i timp procesele pentru a crea economii de costuri, pentru a reduce timpul de comercializare \u0219i pentru a crea un proces de produc\u021bie care s\u0103 uneasc\u0103 instrumentele digitale cu executarea fizic\u0103 a produc\u021biei. Prin utilizarea unui proces care este centrat pe sisteme de calcul, produc\u0103torii pot crea un fir digital prin procesul de fabrica\u021bie pentru a analiza datele de-a lungul ciclului de via\u021b\u0103 al produsului \u0219i pentru a crea procese ac\u021bionabile. Sistemele de produc\u021bie digitale permit, de asemenea, transmiterea datelor de la clien\u021bi c\u0103tre managerii de produse pentru a anticipa cererea \u0219i orice cerin\u021be de \u00eentre\u021binere \u00een curs de desf\u0103\u0219urare, pentru livrarea unor produse centrate pe nevoile clien\u021bilor.<\/p>\n\n\n\n<p>Pe l\u00e2ng\u0103 optimizarea proceselor de produc\u021bie, digitalizarea ofer\u0103 o serie de avantaje \u0219i pentru proiectare. Aceste avantaje \u00eencep cu utilizarea software-ului de modelare 3D pentru a proiecta instrumente \u0219i echipamente de produc\u021bie, precum \u0219i pentru a fundamenta fluxurile de produc\u021bie. Prin simulare este posibil\u0103 identificarea c\u0103ilor de \u00eembun\u0103t\u0103\u021bire a proceselor, pentru a fi mai ieftine \u0219i productive. Este posibil\u0103 monitorizarea sistemelor de produc\u021bie pentru a evalua orice abateri sau probleme \u00een produc\u021bie, astfel \u00eenc\u00e2t acestea s\u0103 poat\u0103 fi abordate rapid. Pe l\u00e2ng\u0103 optimizarea proceselor, digitalizarea poate fi utilizat\u0103 pentru a face schimb\u0103ri rapide \u00een proiectarea produselor, evalu\u00e2nd \u00een acela\u0219i timp adecvarea acestora. Acest proces poate fi realizat prin proiectare bazat\u0103 pe cloud.<\/p>\n\n\n\n<p>Sistemele de produc\u021bia digital\u0103 vor cre\u0219te ca importan\u021b\u0103 de la un an la altul, pe m\u0103sur\u0103 ce utilizarea informa\u021biei pentru procesele de produc\u021bie devine din ce \u00een ce mai automatizat\u0103. Cu sisteme de produc\u021bie capabile s\u0103 interac\u021bioneze \u00eentre ele, dar \u0219i cu alte sisteme din cadrul organiza\u021biei, cre\u0219terea industriei 4.0 pare s\u0103 continue tendin\u021ba produc\u021biei combinate pentru a \u00eembun\u0103t\u0103\u021bi \u0219i eficientiza procesele de produc\u021bie.<\/p>\n","protected":false},"excerpt":{"rendered":"<p>Programul de studii SISTEME DE PRODUCTIE DIGITALE din cadrul Universit\u0103\u0163ii Tehnice din Cluj-Napoca &#8211; extensia Bistrita, a fost acreditat provizoriu \u00een anul 2005 si autorizat in 2012. Programul func\u0163ioneaz\u0103 \u00een cadrul Facult\u0103\u0163ii de Construc\u0163ii de Ma\u015fini din cadrul Universit\u0103\u0163ii Tehnice din Cluj-Napoca si este coordonat de catre departamnetu Ingineria Proiecatrii si Robotica. \u00a0Produc\u021bia digital\u0103 este [&hellip;]<\/p>\n","protected":false},"author":1,"featured_media":0,"parent":0,"menu_order":0,"comment_status":"closed","ping_status":"closed","template":"","meta":{"footnotes":""},"class_list":["post-6","page","type-page","status-publish","hentry"],"_links":{"self":[{"href":"https:\/\/spd-bistrita.utcluj.ro\/index.php?rest_route=\/wp\/v2\/pages\/6","targetHints":{"allow":["GET"]}}],"collection":[{"href":"https:\/\/spd-bistrita.utcluj.ro\/index.php?rest_route=\/wp\/v2\/pages"}],"about":[{"href":"https:\/\/spd-bistrita.utcluj.ro\/index.php?rest_route=\/wp\/v2\/types\/page"}],"author":[{"embeddable":true,"href":"https:\/\/spd-bistrita.utcluj.ro\/index.php?rest_route=\/wp\/v2\/users\/1"}],"replies":[{"embeddable":true,"href":"https:\/\/spd-bistrita.utcluj.ro\/index.php?rest_route=%2Fwp%2Fv2%2Fcomments&post=6"}],"version-history":[{"count":3,"href":"https:\/\/spd-bistrita.utcluj.ro\/index.php?rest_route=\/wp\/v2\/pages\/6\/revisions"}],"predecessor-version":[{"id":63,"href":"https:\/\/spd-bistrita.utcluj.ro\/index.php?rest_route=\/wp\/v2\/pages\/6\/revisions\/63"}],"wp:attachment":[{"href":"https:\/\/spd-bistrita.utcluj.ro\/index.php?rest_route=%2Fwp%2Fv2%2Fmedia&parent=6"}],"curies":[{"name":"wp","href":"https:\/\/api.w.org\/{rel}","templated":true}]}}